{"id":6,"date":"2023-02-27T09:23:35","date_gmt":"2023-02-27T09:23:35","guid":{"rendered":"https:\/\/77.240.19.29\/~pureartfi\/?page_id=6"},"modified":"2024-11-22T14:43:14","modified_gmt":"2024-11-22T14:43:14","slug":"etusivu","status":"publish","type":"page","link":"https:\/\/pureart.fi\/","title":{"rendered":"Etusivu"},"content":{"rendered":"\n<div class=\"wp-block-columns is-layout-flex wp-container-core-columns-is-layout-9d6595d7 wp-block-columns-is-layout-flex\">\n<div class=\"wp-block-column is-layout-flow wp-block-column-is-layout-flow\" style=\"flex-basis:100%\">\n<h1 class=\"wp-block-heading has-text-align-center\">Pure Art<\/h1>\n\n\n\n<hr class=\"wp-block-separator has-alpha-channel-opacity\"\/>\n\n\n\n<h1 class=\"wp-block-heading has-text-align-center\">Hammaslaboratoriot <br>Erikoishammasteknikot<\/h1>\n\n\n\n<div style=\"height:20px\" aria-hidden=\"true\" class=\"wp-block-spacer\"><\/div>\n\n\n\n<p class=\"has-text-align-center has-black-color has-text-color has-medium-font-size\">Olemme monipuolinen joukko k\u00e4sity\u00f6l\u00e4isi\u00e4 ja innovaattoreita, jotka valjastavat huipputeknologian ja korkealaatuisen k\u00e4sity\u00f6n parantaaksemme asiakkaidemme el\u00e4m\u00e4nlaatua, hymy kerrallaan. Tavoitteenamme on saada aikaan eksponentiaalinen ero asiakkaidemme suun terveyteen ja onnellisuuteen.<\/p>\n\n\n\n<p class=\"has-text-align-center\">_______________________________________________________<\/p>\n\n\n\n<div style=\"height:30px\" aria-hidden=\"true\" class=\"wp-block-spacer\"><\/div>\n\n\n\n<div class=\"wp-block-columns is-layout-flex wp-container-core-columns-is-layout-9d6595d7 wp-block-columns-is-layout-flex\">\n<div class=\"wp-block-column is-layout-flow wp-block-column-is-layout-flow\">\n<div style=\"height:24px\" aria-hidden=\"true\" class=\"wp-block-spacer\"><\/div>\n\n\n<div class=\"wp-block-image\">\n<figure class=\"aligncenter size-full\"><a href=\"https:\/\/pureart.fi\/?page_id=50\"><img loading=\"lazy\" decoding=\"async\" width=\"322\" height=\"71\" src=\"https:\/\/pureart.fi\/wp-content\/uploads\/2024\/11\/button-12.png\" alt=\"\" class=\"wp-image-453\" srcset=\"https:\/\/pureart.fi\/wp-content\/uploads\/2024\/11\/button-12.png 322w, https:\/\/pureart.fi\/wp-content\/uploads\/2024\/11\/button-12-300x66.png 300w\" sizes=\"auto, (max-width: 322px) 100vw, 322px\" \/><\/a><\/figure>\n<\/div><\/div>\n\n\n\n<div class=\"wp-block-column is-layout-flow wp-block-column-is-layout-flow\">\n<p class=\"has-text-align-left has-black-color has-text-color\">T\u00e4yden palvelun hammaslaboratoriossa valmistamme juuri sinun ja potilaasi tarpeisiin sopivat hammastekniset tuotteet.&nbsp; Toteutamme laadukkaita hammasteknisi\u00e4 t\u00f6it\u00e4 kokemuksella ja ammattitaidolla. Osaamisemme kattaa kaikki hammasprotetiikan ja oikomishoidon osa-alueet.<\/p>\n<\/div>\n<\/div>\n<\/div>\n<\/div>\n\n\n\n<hr class=\"wp-block-separator has-alpha-channel-opacity\"\/>\n\n\n\n<div style=\"height:30px\" aria-hidden=\"true\" class=\"wp-block-spacer\"><\/div>\n\n\n\n<div class=\"wp-block-columns is-layout-flex wp-container-core-columns-is-layout-9d6595d7 wp-block-columns-is-layout-flex\">\n<div class=\"wp-block-column is-layout-flow wp-block-column-is-layout-flow\">\n<div style=\"height:2px\" aria-hidden=\"true\" class=\"wp-block-spacer\"><\/div>\n\n\n<div class=\"wp-block-image\">\n<figure class=\"aligncenter size-full\"><a href=\"https:\/\/pureart.fi\/?page_id=51\"><img loading=\"lazy\" decoding=\"async\" width=\"344\" height=\"71\" src=\"https:\/\/pureart.fi\/wp-content\/uploads\/2024\/11\/button-15.png\" alt=\"\" class=\"wp-image-493\" srcset=\"https:\/\/pureart.fi\/wp-content\/uploads\/2024\/11\/button-15.png 344w, https:\/\/pureart.fi\/wp-content\/uploads\/2024\/11\/button-15-300x62.png 300w\" sizes=\"auto, (max-width: 344px) 100vw, 344px\" \/><\/a><\/figure>\n<\/div><\/div>\n\n\n\n<div class=\"wp-block-column is-layout-flow wp-block-column-is-layout-flow\">\n<p class=\"has-text-align-left has-black-color has-text-color\">Erikoishammasteknikkomme valmistavat esteettiset ja laadukkaat hammasproteesit suoraan potilaalle. Palveluihimme kuuluvat my\u00f6s proteesien huolto, korjaukset ja pohjaukset eli tiivistykset.<\/p>\n<\/div>\n<\/div>\n\n\n\n<hr class=\"wp-block-separator has-alpha-channel-opacity\"\/>\n\n\n\n<div style=\"height:30px\" aria-hidden=\"true\" class=\"wp-block-spacer\"><\/div>\n\n\n\n<div class=\"wp-block-columns is-layout-flex wp-container-core-columns-is-layout-9d6595d7 wp-block-columns-is-layout-flex\">\n<div class=\"wp-block-column is-layout-flow wp-block-column-is-layout-flow\">\n<div style=\"height:7px\" aria-hidden=\"true\" class=\"wp-block-spacer\"><\/div>\n\n\n\n<div style=\"height:20px\" aria-hidden=\"true\" class=\"wp-block-spacer\"><\/div>\n\n\n<div class=\"wp-block-image\">\n<figure class=\"aligncenter size-full\"><a href=\"https:\/\/pureart.fi\/?page_id=49\"><img loading=\"lazy\" decoding=\"async\" width=\"355\" height=\"71\" src=\"https:\/\/pureart.fi\/wp-content\/uploads\/2024\/11\/button-14.png\" alt=\"\" class=\"wp-image-456\" srcset=\"https:\/\/pureart.fi\/wp-content\/uploads\/2024\/11\/button-14.png 355w, https:\/\/pureart.fi\/wp-content\/uploads\/2024\/11\/button-14-300x60.png 300w\" sizes=\"auto, (max-width: 355px) 100vw, 355px\" \/><\/a><\/figure>\n<\/div><\/div>\n\n\n\n<div class=\"wp-block-column is-layout-flow wp-block-column-is-layout-flow\">\n<p class=\"has-text-align-left has-black-color has-text-color\">Olemme panostaneet digitaaliseen ty\u00f6nkulkuun laboratorion ja hammasl\u00e4\u00e4k\u00e4rin vastaanoton v\u00e4lill\u00e4. Meill\u00e4 on usean vuoden kokemus ja valmius toteuttaa kaikenlaisia hammasteknisi\u00e4 t\u00f6it\u00e4 my\u00f6s digitaalisesti. Teemme lis\u00e4ksi jyrsint\u00e4- sek\u00e4 3d-tulostust\u00f6it\u00e4 muille hammaslaboratorioille alihankintana.&nbsp;<\/p>\n<\/div>\n<\/div>\n\n\n\n<div style=\"height:35px\" aria-hidden=\"true\" class=\"wp-block-spacer\"><\/div>\n\n\n\n<div style=\"height:100px\" aria-hidden=\"true\" class=\"wp-block-spacer\"><\/div>\n","protected":false},"excerpt":{"rendered":"<p>Pure Art Hammaslaboratoriot Erikoishammasteknikot Olemme monipuolinen joukko k\u00e4sity\u00f6l\u00e4isi\u00e4 ja innovaattoreita, jotka valjastavat huipputeknologian ja korkealaatuisen k\u00e4sity\u00f6n parantaaksemme asiakkaidemme el\u00e4m\u00e4nlaatua, hymy kerrallaan. Tavoitteenamme on saada aikaan eksponentiaalinen ero asiakkaidemme suun terveyteen ja onnellisuuteen. _______________________________________________________ T\u00e4yden palvelun hammaslaboratoriossa valmistamme juuri sinun ja potilaasi tarpeisiin sopivat hammastekniset tuotteet.&nbsp; Toteutamme laadukkaita hammasteknisi\u00e4 t\u00f6it\u00e4 kokemuksella [&hellip;]<\/p>\n","protected":false},"author":2,"featured_media":0,"parent":0,"menu_order":0,"comment_status":"closed","ping_status":"closed","template":"","meta":{"_improvement_type_select":"improve_an_existing","_thumb_yes_seoaic":false,"_frame_yes_seoaic":false,"seoaic_generate_description":"","seoaic_improve_instructions_prompt":"","seoaic_rollback_content_improvement":"","seoaic_idea_thumbnail_generator":"","thumbnail_generated":false,"thumbnail_generate_prompt":"","seoaic_article_description":"","footnotes":""},"class_list":["post-6","page","type-page","status-publish","hentry"],"_links":{"self":[{"href":"https:\/\/pureart.fi\/index.php?rest_route=\/wp\/v2\/pages\/6","targetHints":{"allow":["GET"]}}],"collection":[{"href":"https:\/\/pureart.fi\/index.php?rest_route=\/wp\/v2\/pages"}],"about":[{"href":"https:\/\/pureart.fi\/index.php?rest_route=\/wp\/v2\/types\/page"}],"author":[{"embeddable":true,"href":"https:\/\/pureart.fi\/index.php?rest_route=\/wp\/v2\/users\/2"}],"replies":[{"embeddable":true,"href":"https:\/\/pureart.fi\/index.php?rest_route=%2Fwp%2Fv2%2Fcomments&post=6"}],"version-history":[{"count":85,"href":"https:\/\/pureart.fi\/index.php?rest_route=\/wp\/v2\/pages\/6\/revisions"}],"predecessor-version":[{"id":619,"href":"https:\/\/pureart.fi\/index.php?rest_route=\/wp\/v2\/pages\/6\/revisions\/619"}],"wp:attachment":[{"href":"https:\/\/pureart.fi\/index.php?rest_route=%2Fwp%2Fv2%2Fmedia&parent=6"}],"curies":[{"name":"wp","href":"https:\/\/api.w.org\/{rel}","templated":true}]}}