{"id":51,"date":"2023-02-27T13:26:03","date_gmt":"2023-02-27T13:26:03","guid":{"rendered":"https:\/\/77.240.19.29\/~pureartfi\/?page_id=51"},"modified":"2024-11-22T11:24:31","modified_gmt":"2024-11-22T11:24:31","slug":"erikoishammasteknikko","status":"publish","type":"page","link":"https:\/\/pureart.fi\/?page_id=51","title":{"rendered":"Erikoishammasteknikko"},"content":{"rendered":"\n<h2 class=\"wp-block-heading has-text-align-center\">Erikoishammasteknikot palveluksessasi Porvoossa, Loviisassa ja Sipoossa<\/h2>\n\n\n\n<p class=\"has-text-align-center\">Erikoishammasteknikkomme valmistavat k\u00e4ytt\u00e4j\u00e4ns\u00e4 n\u00e4k\u00f6iset ja laadukkaat hammasproteesit. Olemme palvelleet asiakkaitamme hammashoidon alalla jo vuosia, ja tyytyv\u00e4iset asiakkaamme ovat pysyneet hoitosuhteessa jo vuosikymmenien ajan. Toimintamme on kasvanut ja kehittynyt, joten t\u00e4n\u00e4 p\u00e4iv\u00e4n\u00e4 pystymme tarjoamaan palveluitamme kolmesta eri toimipisteest\u00e4mme k\u00e4sin Porvoossa, Loviisassa ja Sipoossa.<\/p>\n\n\n\n<p class=\"has-text-align-center has-white-color has-text-color has-background has-medium-font-size\" style=\"background-color:#7a4a82\">Varaa aika erikoishammasteknikolle puhelimitse:<strong> 050 544 5565<\/strong><\/p>\n\n\n\n<div style=\"height:24px\" aria-hidden=\"true\" class=\"wp-block-spacer\"><\/div>\n\n\n\n<h3 class=\"wp-block-heading has-text-align-center\">Aidosti yksil\u00f6lliset proteesit syntyv\u00e4t asiakkaan kanssa yhdess\u00e4 suunnitellen<\/h3>\n\n\n\n<div class=\"wp-block-columns is-layout-flex wp-container-core-columns-is-layout-9d6595d7 wp-block-columns-is-layout-flex\">\n<div class=\"wp-block-column is-layout-flow wp-block-column-is-layout-flow\">\n<div style=\"height:10px\" aria-hidden=\"true\" class=\"wp-block-spacer\"><\/div>\n\n\n\n<div class=\"wp-block-media-text is-stacked-on-mobile\" style=\"grid-template-columns:43% auto\"><figure class=\"wp-block-media-text__media\"><img loading=\"lazy\" decoding=\"async\" width=\"960\" height=\"641\" src=\"http:\/\/77.240.19.29\/~pureartfi\/wp-content\/uploads\/2023\/09\/ehtjohan_001-1.jpg\" alt=\"\" class=\"wp-image-186 size-full\" srcset=\"https:\/\/pureart.fi\/wp-content\/uploads\/2023\/09\/ehtjohan_001-1.jpg 960w, https:\/\/pureart.fi\/wp-content\/uploads\/2023\/09\/ehtjohan_001-1-300x200.jpg 300w, https:\/\/pureart.fi\/wp-content\/uploads\/2023\/09\/ehtjohan_001-1-768x513.jpg 768w, https:\/\/pureart.fi\/wp-content\/uploads\/2023\/09\/ehtjohan_001-1-360x240.jpg 360w\" sizes=\"auto, (max-width: 960px) 100vw, 960px\" \/><\/figure><div class=\"wp-block-media-text__content\">\n<p>Palveluihimme kuuluvat laadukkaiden ja kest\u00e4vien hammasproteesien valmistaminen, korjaus ja huolto. Proteesien puhdistukset ovat osa palvelukokonaisuuttamme. Suusi tuntuu aina raikkaalta vastaanotolta poistuessasi.<\/p>\n<\/div><\/div>\n<\/div>\n<\/div>\n\n\n\n<p class=\"has-text-align-left\">Hy\u00f6dynn\u00e4mme my\u00f6s uusinta saatavilla olevaa teknologiaa proteesien tekemisess\u00e4. Onnistunut proteesien suunnittelu ja toteutus on jo l\u00e4ht\u00f6kohtaisesti kokeneen erikoishammasteknikon vastuualuetta, mutta uudella tekniikalla voidaan tietyiss\u00e4 tapauksissa entisest\u00e4\u00e4n parantaa t\u00e4t\u00e4 prosessia. N\u00e4in p\u00e4\u00e4semme parempiin tuloksiin ja voimme parantaa asiakkaidemme el\u00e4m\u00e4nlaatua sek\u00e4 proteesien k\u00e4ytt\u00f6mukavuutta.<\/p>\n\n\n\n<hr class=\"wp-block-separator has-alpha-channel-opacity\"\/>\n\n\n\n<h2 class=\"wp-block-heading has-text-align-center\">Meid\u00e4t tunnetaan hyv\u00e4st\u00e4 laadusta ja palvelusta<\/h2>\n\n\n\n<div class=\"wp-block-columns is-layout-flex wp-container-core-columns-is-layout-9d6595d7 wp-block-columns-is-layout-flex\">\n<div class=\"wp-block-column has-white-color has-text-color has-background is-layout-flow wp-block-column-is-layout-flow\" style=\"background-color:#7a4a82\">\n<div style=\"height:15px\" aria-hidden=\"true\" class=\"wp-block-spacer\"><\/div>\n\n\n\n<h5 class=\"wp-block-heading has-text-align-center\">Kokemus<\/h5>\n\n\n\n<blockquote class=\"wp-block-quote is-layout-flow wp-block-quote-is-layout-flow\">\n<p class=\"has-text-align-center\"><em>Olemme ammattitaitoinen ja kokenut toimija, joka panostaa my\u00f6s ajan hermolla pysymiseen. Tuhansien proteesien kokemuksella, yrit\u00e4mme joka kerta parhaamme.<\/em><\/p>\n<\/blockquote>\n<\/div>\n\n\n\n<div class=\"wp-block-column has-white-color has-text-color has-background is-layout-flow wp-block-column-is-layout-flow\" style=\"background-color:#7a4a82\">\n<div style=\"height:15px\" aria-hidden=\"true\" class=\"wp-block-spacer\"><\/div>\n\n\n\n<h5 class=\"wp-block-heading has-text-align-center\">Laatu<\/h5>\n\n\n\n<blockquote class=\"wp-block-quote is-layout-flow wp-block-quote-is-layout-flow\">\n<p class=\"has-text-align-center\"><em>Proteesien on oltava kest\u00e4v\u00e4t, toiminnalliset ja ennen kaikkea asiakkaalle soveltuvat. Sinun el\u00e4m\u00e4nlaatusi ja terveytesi ovat&nbsp;toiminnassamme aina etusijalla.<\/em><\/p>\n<\/blockquote>\n<\/div>\n\n\n\n<div class=\"wp-block-column has-white-color has-text-color has-background is-layout-flow wp-block-column-is-layout-flow\" style=\"background-color:#7a4a82\">\n<div style=\"height:15px\" aria-hidden=\"true\" class=\"wp-block-spacer\"><\/div>\n\n\n\n<h5 class=\"wp-block-heading has-text-align-center\">Asiakasl\u00e4ht\u00f6isyys<\/h5>\n\n\n\n<blockquote class=\"wp-block-quote is-layout-flow wp-block-quote-is-layout-flow\">\n<p class=\"has-text-align-center\"><em>Ty\u00f6mme on todella tehty vasta, kun asiakkaanamme olet tyytyv\u00e4inen ty\u00f6n tuloksiin. Palvelemme sinua yksil\u00f6llisesti, juuri sinun tarpeitasi ja toiveitasi kuunnellen.<\/em><\/p>\n<\/blockquote>\n<\/div>\n<\/div>\n\n\n\n<hr class=\"wp-block-separator has-alpha-channel-opacity\"\/>\n\n\n\n<h2 class=\"wp-block-heading has-text-align-center\">Digitaaliset ratkaisut parantavat asiakaskokemusta ja ty\u00f6n lopputulosta<\/h2>\n\n\n\n<div class=\"wp-block-media-text is-stacked-on-mobile\" style=\"grid-template-columns:42% auto\"><figure class=\"wp-block-media-text__media\"><img loading=\"lazy\" decoding=\"async\" width=\"960\" height=\"640\" src=\"http:\/\/77.240.19.29\/~pureartfi\/wp-content\/uploads\/2023\/09\/ehtjohan_002.jpg\" alt=\"\" class=\"wp-image-183 size-full\" srcset=\"https:\/\/pureart.fi\/wp-content\/uploads\/2023\/09\/ehtjohan_002.jpg 960w, https:\/\/pureart.fi\/wp-content\/uploads\/2023\/09\/ehtjohan_002-300x200.jpg 300w, https:\/\/pureart.fi\/wp-content\/uploads\/2023\/09\/ehtjohan_002-768x512.jpg 768w, https:\/\/pureart.fi\/wp-content\/uploads\/2023\/09\/ehtjohan_002-360x240.jpg 360w\" sizes=\"auto, (max-width: 960px) 100vw, 960px\" \/><\/figure><div class=\"wp-block-media-text__content\">\n<p class=\"has-text-align-left\" style=\"font-size:16px\">Digitaaliset ratkaisumme eiv\u00e4t koskaan voi korvata motivoitunutta ja asiakasl\u00e4ht\u00f6isesti toimivaa henkil\u00f6kuntaa, mutta ne helpottavat monia prosessin osia. Pystymme k\u00e4ytt\u00e4m\u00e4\u00e4n hyv\u00e4ksemme digitaalista mallinnusta, ja sen pohjalta digitaalisesti tuotettuja proteeseja. Meill\u00e4 on k\u00e4yt\u00f6ss\u00e4mme 3D-mallintaminen sek\u00e4 suun ja vanhojen proteesien skannaaminen, jotka antavat aivan uudet l\u00e4ht\u00f6kohdat tehd\u00e4 sek\u00e4 malliltaan ett\u00e4 istuvuudeltaan sopivat proteesit.<\/p>\n<\/div><\/div>\n\n\n\n<div style=\"height:30px\" aria-hidden=\"true\" class=\"wp-block-spacer\"><\/div>\n\n\n\n<h2 class=\"wp-block-heading has-text-align-center\">Hammastekniset tuotteet parantavat el\u00e4m\u00e4nlaatua<\/h2>\n\n\n\n<p>Erikoishammasteknikon tarjoamien hammasteknisten tuotteiden ansiosta yli 270 000 ihmisen el\u00e4m\u00e4nlaatu paranee Suomessa vuosittain. N\u00e4m\u00e4 tuotteet auttavat omien hampaiden vaurioiduttua esimerkiksi onnettomuuden, i\u00e4n tai elintapojen vaikutuksesta. Suun terveydell\u00e4 on suoria vaikutuksia my\u00f6s yleisterveyteen ja hyvinvointiin. Tuotteillamme voidaan lis\u00e4ksi korjata purentaa ja suojata omia hampaita.<br><\/p>\n\n\n\n<p>Kun tarvitset hammasteknisi\u00e4 tuotteita, saat kauttamme ensiluokkaista palvelua ja hammashoitoa, joka on&nbsp;toteutettu yhteisty\u00f6ss\u00e4 hammasl\u00e4\u00e4k\u00e4rin, asiakkaan ja erikoishammasteknikon kanssa. Sinun parhaaksesi&nbsp;toiminnassamme on mukana eri alojen ammattilaisia, jotka kukin tuovat prosessiin mukaan oman alansa osaamisen ja vahvuudet. Jokainen lopullinen tuote on yhteisty\u00f6ss\u00e4 toteutettu, ja tuotteissamme huomioidaan aina ensisijaisesti asiakkaan toiveet ja mieltymykset sek\u00e4 proteesien turvallisuus ja toiminnallisuus.<\/p>\n\n\n<div class=\"wp-block-image\">\n<figure class=\"aligncenter size-full\"><img loading=\"lazy\" decoding=\"async\" width=\"960\" height=\"640\" src=\"http:\/\/77.240.19.29\/~pureartfi\/wp-content\/uploads\/2023\/09\/ehtjohan_003.jpg\" alt=\"\" class=\"wp-image-226\" srcset=\"https:\/\/pureart.fi\/wp-content\/uploads\/2023\/09\/ehtjohan_003.jpg 960w, https:\/\/pureart.fi\/wp-content\/uploads\/2023\/09\/ehtjohan_003-300x200.jpg 300w, https:\/\/pureart.fi\/wp-content\/uploads\/2023\/09\/ehtjohan_003-768x512.jpg 768w, https:\/\/pureart.fi\/wp-content\/uploads\/2023\/09\/ehtjohan_003-360x240.jpg 360w\" sizes=\"auto, (max-width: 960px) 100vw, 960px\" \/><\/figure>\n<\/div>\n\n\n<div style=\"height:20px\" aria-hidden=\"true\" class=\"wp-block-spacer\"><\/div>\n\n\n\n<h2 class=\"wp-block-heading\">Yhteisty\u00f6ss\u00e4:<\/h2>\n\n\n\n<p><a href=\"https:\/\/supersuu.fi\/\">SuperSuu &#8211; Hammasl\u00e4\u00e4k\u00e4riasema<\/a><\/p>\n\n\n\n<div style=\"height:30px\" aria-hidden=\"true\" class=\"wp-block-spacer\"><\/div>\n","protected":false},"excerpt":{"rendered":"<p>Erikoishammasteknikot palveluksessasi Porvoossa, Loviisassa ja Sipoossa Erikoishammasteknikkomme valmistavat k\u00e4ytt\u00e4j\u00e4ns\u00e4 n\u00e4k\u00f6iset ja laadukkaat hammasproteesit. Olemme palvelleet asiakkaitamme hammashoidon alalla jo vuosia, ja tyytyv\u00e4iset asiakkaamme ovat pysyneet hoitosuhteessa jo vuosikymmenien ajan. Toimintamme on kasvanut ja kehittynyt, joten t\u00e4n\u00e4 p\u00e4iv\u00e4n\u00e4 pystymme tarjoamaan palveluitamme kolmesta eri toimipisteest\u00e4mme k\u00e4sin Porvoossa, Loviisassa ja Sipoossa. Varaa aika [&hellip;]<\/p>\n","protected":false},"author":2,"featured_media":183,"parent":0,"menu_order":0,"comment_status":"closed","ping_status":"closed","template":"","meta":{"_improvement_type_select":"improve_an_existing","_thumb_yes_seoaic":false,"_frame_yes_seoaic":false,"seoaic_generate_description":"","seoaic_improve_instructions_prompt":"","seoaic_rollback_content_improvement":"","seoaic_idea_thumbnail_generator":"","thumbnail_generated":false,"thumbnail_generate_prompt":"","seoaic_article_description":"","footnotes":""},"class_list":["post-51","page","type-page","status-publish","has-post-thumbnail","hentry"],"_links":{"self":[{"href":"https:\/\/pureart.fi\/index.php?rest_route=\/wp\/v2\/pages\/51","targetHints":{"allow":["GET"]}}],"collection":[{"href":"https:\/\/pureart.fi\/index.php?rest_route=\/wp\/v2\/pages"}],"about":[{"href":"https:\/\/pureart.fi\/index.php?rest_route=\/wp\/v2\/types\/page"}],"author":[{"embeddable":true,"href":"https:\/\/pureart.fi\/index.php?rest_route=\/wp\/v2\/users\/2"}],"replies":[{"embeddable":true,"href":"https:\/\/pureart.fi\/index.php?rest_route=%2Fwp%2Fv2%2Fcomments&post=51"}],"version-history":[{"count":79,"href":"https:\/\/pureart.fi\/index.php?rest_route=\/wp\/v2\/pages\/51\/revisions"}],"predecessor-version":[{"id":635,"href":"https:\/\/pureart.fi\/index.php?rest_route=\/wp\/v2\/pages\/51\/revisions\/635"}],"wp:featuredmedia":[{"embeddable":true,"href":"https:\/\/pureart.fi\/index.php?rest_route=\/wp\/v2\/media\/183"}],"wp:attachment":[{"href":"https:\/\/pureart.fi\/index.php?rest_route=%2Fwp%2Fv2%2Fmedia&parent=51"}],"curies":[{"name":"wp","href":"https:\/\/api.w.org\/{rel}","templated":true}]}}