{"id":50,"date":"2023-02-27T13:26:03","date_gmt":"2023-02-27T13:26:03","guid":{"rendered":"https:\/\/77.240.19.29\/~pureartfi\/?page_id=50"},"modified":"2024-11-22T14:48:56","modified_gmt":"2024-11-22T14:48:56","slug":"hammaslaboratorio","status":"publish","type":"page","link":"https:\/\/pureart.fi\/?page_id=50","title":{"rendered":"Hammaslaboratorio"},"content":{"rendered":"\n<div class=\"wp-block-buttons is-content-justification-center is-layout-flex wp-container-core-buttons-is-layout-16018d1d wp-block-buttons-is-layout-flex\">\n<div class=\"wp-block-button\"><a class=\"wp-block-button__link has-background wp-element-button\" href=\"https:\/\/pureart.fi\/wp-content\/uploads\/2024\/tyotilauskaavake.pdf\" style=\"border-radius:10px;background-color:#7a4a82\">Ty\u00f6tilauslomakkeeseen<\/a><\/div>\n<\/div>\n\n\n\n<div style=\"height:41px\" aria-hidden=\"true\" class=\"wp-block-spacer\"><\/div>\n\n\n\n<p><strong>Pyyd\u00e4 hinnasto<\/strong><\/p>\n\n\n<div class=\"wpforms-container wpforms-container-full\" id=\"wpforms-499\"><form id=\"wpforms-form-499\" class=\"wpforms-validate wpforms-form wpforms-ajax-form\" data-formid=\"499\" method=\"post\" enctype=\"multipart\/form-data\" action=\"\/index.php?rest_route=%2Fwp%2Fv2%2Fpages%2F50\" data-token=\"2be0c50383c8efb533a0385ea34267b1\" data-token-time=\"1777728872\"><noscript class=\"wpforms-error-noscript\">Please enable JavaScript in your browser to complete this form.<\/noscript><div class=\"wpforms-field-container\"><div id=\"wpforms-499-field_1-container\" class=\"wpforms-field wpforms-field-email\" data-field-id=\"1\"><label class=\"wpforms-field-label\" for=\"wpforms-499-field_1\">Sy\u00f6t\u00e4 s\u00e4hk\u00f6posti johon l\u00e4het\u00e4mme hinnaston <span class=\"wpforms-required-label\">*<\/span><\/label><input type=\"email\" id=\"wpforms-499-field_1\" class=\"wpforms-field-small wpforms-field-required\" name=\"wpforms[fields][1]\" spellcheck=\"false\" required><\/div><div id=\"wpforms-499-field_3-container\" class=\"wpforms-field wpforms-field-checkbox\" data-field-id=\"3\"><label class=\"wpforms-field-label\">Haluan hinnaston: <span class=\"wpforms-required-label\">*<\/span><\/label><ul id=\"wpforms-499-field_3\" class=\"wpforms-field-required\"><li class=\"choice-1 depth-1\"><input type=\"checkbox\" id=\"wpforms-499-field_3_1\" name=\"wpforms[fields][3][]\" value=\"Digitaalinen ty\u00f6nkulku\" required ><label class=\"wpforms-field-label-inline\" for=\"wpforms-499-field_3_1\">Digitaalinen ty\u00f6nkulku<\/label><\/li><li class=\"choice-2 depth-1\"><input type=\"checkbox\" id=\"wpforms-499-field_3_2\" name=\"wpforms[fields][3][]\" value=\"Perinteinen ty\u00f6nkulku\" required ><label class=\"wpforms-field-label-inline\" for=\"wpforms-499-field_3_2\">Perinteinen ty\u00f6nkulku<\/label><\/li><li class=\"choice-3 depth-1\"><input type=\"checkbox\" id=\"wpforms-499-field_3_3\" name=\"wpforms[fields][3][]\" value=\"Alihankintahinnasto\" required ><label class=\"wpforms-field-label-inline\" for=\"wpforms-499-field_3_3\">Alihankintahinnasto<\/label><\/li><\/ul><\/div><\/div><!-- .wpforms-field-container --><div class=\"wpforms-submit-container\" ><input type=\"hidden\" name=\"wpforms[id]\" value=\"499\"><input type=\"hidden\" name=\"page_title\" value=\"\"><input type=\"hidden\" name=\"page_url\" value=\"https:\/\/pureart.fi\/index.php?rest_route=%2Fwp%2Fv2%2Fpages%2F50\"><button type=\"submit\" name=\"wpforms[submit]\" id=\"wpforms-submit-499\" class=\"wpforms-submit submitnappula\" data-alt-text=\"L\u00e4hetet\u00e4\u00e4n...\" data-submit-text=\"L\u00e4het\u00e4\" aria-live=\"assertive\" value=\"wpforms-submit\">L\u00e4het\u00e4<\/button><img loading=\"lazy\" decoding=\"async\" src=\"https:\/\/pureart.fi\/wp-content\/plugins\/wpforms-lite\/assets\/images\/submit-spin.svg\" class=\"wpforms-submit-spinner\" style=\"display: none;\" width=\"26\" height=\"26\" alt=\"Loading\"><\/div><\/form><\/div>  <!-- .wpforms-container -->\n\n\n\n<div style=\"height:30px\" aria-hidden=\"true\" class=\"wp-block-spacer\"><\/div>\n\n\n\n<p>T\u00e4yden palvelun hammaslaboratoriomme sijaitsee Porvoon l\u00e4\u00e4k\u00e4ritalossa. Laboratoriossamme voimme valmistaa tuotteita sek\u00e4 perinteisi\u00e4 menetelmi\u00e4 k\u00e4ytt\u00e4en ett\u00e4 uusinta teknologiaa hy\u00f6dynt\u00e4en. K\u00e4yt\u00f6ss\u00e4mme on laboratorioskanneri, jyrsimet ja 3D-tulostin. Jokainen ty\u00f6 viimeistell\u00e4\u00e4n aina k\u00e4sin. Suunhoidon ammattilaisena tavoitat yhdest\u00e4 numerosta erityisosaajat oikomislaitteisiin ja kaikkiin protetiikan osa-alueisiin.<\/p>\n\n\n\n<h2 class=\"wp-block-heading\">Tuotteet<\/h2>\n\n\n\n<p>Toteutamme laadukkaita hammasteknisi\u00e4 t\u00f6it\u00e4 kokemuksella ja ammattitaidolla. Osaamisemme kattaa kaikki hammasprotetiikan osa-alueet.<\/p>\n\n\n\n<p>Esimerkkej\u00e4 tuotteistamme:<\/p>\n\n\n\n<div class=\"wp-block-columns is-layout-flex wp-container-core-columns-is-layout-9d6595d7 wp-block-columns-is-layout-flex\">\n<div class=\"wp-block-column is-layout-flow wp-block-column-is-layout-flow\">\n<figure class=\"wp-block-table\"><table class=\"has-white-color has-text-color has-background\" style=\"background-color:#7a4a82\"><thead><tr><th class=\"has-text-align-left\" data-align=\"left\"><strong>KIINTE\u00c4 PROTETIIKKA<\/strong><\/th><\/tr><\/thead><tbody><tr><td class=\"has-text-align-left\" data-align=\"left\">Implanttiprotetiikka<\/td><\/tr><tr><td class=\"has-text-align-left\" data-align=\"left\">E.max kerrostettuna tai maalattuna<\/td><\/tr><tr><td class=\"has-text-align-left\" data-align=\"left\">Zirkonia<\/td><\/tr><tr><td class=\"has-text-align-left\" data-align=\"left\">Metallokeramia (Au\/CoCr)<\/td><\/tr><tr><td class=\"has-text-align-left\" data-align=\"left\">Kultakruunut<\/td><\/tr><tr><td class=\"has-text-align-left\" data-align=\"left\">Stick-kuiturunkoiset kevytsillat<\/td><\/tr><tr><td class=\"has-text-align-left\" data-align=\"left\">Jyrsityt muovisillat ja kruunut<\/td><\/tr><\/tbody><\/table><\/figure>\n<\/div>\n\n\n\n<div class=\"wp-block-column is-layout-flow wp-block-column-is-layout-flow\">\n<figure class=\"wp-block-table\"><table class=\"has-white-color has-text-color has-background\" style=\"background-color:#7a4a82\"><thead><tr><th class=\"has-text-align-left\" data-align=\"left\"><strong>IRTOPROTETIIKKA<\/strong><\/th><\/tr><\/thead><tbody><tr><td class=\"has-text-align-left\" data-align=\"left\">Metallirunkoiset osaproteesit<\/td><\/tr><tr><td class=\"has-text-align-left\" data-align=\"left\">Akryyliset kokoproteesit<\/td><\/tr><tr><td class=\"has-text-align-left\" data-align=\"left\">Osaproteesit (ivobase)<\/td><\/tr><\/tbody><\/table><\/figure>\n\n\n\n<div style=\"height:50px\" aria-hidden=\"true\" class=\"wp-block-spacer\"><\/div>\n\n\n\n<figure class=\"wp-block-table\"><table class=\"has-white-color has-text-color has-background\" style=\"background-color:#7a4a82\"><thead><tr><th class=\"has-text-align-left\" data-align=\"left\"><strong>PURENTAKISKO<\/strong><\/th><\/tr><\/thead><tbody><tr><td class=\"has-text-align-left\" data-align=\"left\">3D-suunniteltu, jyrsitty tai printattu<\/td><\/tr><\/tbody><\/table><\/figure>\n\n\n\n<div style=\"height:20px\" aria-hidden=\"true\" class=\"wp-block-spacer\"><\/div>\n<\/div>\n<\/div>\n\n\n\n<div style=\"height:20px\" aria-hidden=\"true\" class=\"wp-block-spacer\"><\/div>\n\n\n\n<div class=\"wp-block-columns is-layout-flex wp-container-core-columns-is-layout-9d6595d7 wp-block-columns-is-layout-flex\">\n<div class=\"wp-block-column is-layout-flow wp-block-column-is-layout-flow\">\n<figure class=\"wp-block-table\"><table class=\"has-white-color has-text-color has-background\" style=\"background-color:#7a4a82\"><thead><tr><th class=\"has-text-align-left\" data-align=\"left\"><strong>UNIAPNEAKOJEET<\/strong><\/th><\/tr><\/thead><tbody><tr><td class=\"has-text-align-left\" data-align=\"left\">Herbst<\/td><\/tr><tr><td class=\"has-text-align-left\" data-align=\"left\">Monoblock<\/td><\/tr><tr><td class=\"has-text-align-left\" data-align=\"left\">TAP<\/td><\/tr><\/tbody><\/table><\/figure>\n<\/div>\n\n\n\n<div class=\"wp-block-column is-layout-flow wp-block-column-is-layout-flow\">\n<figure class=\"wp-block-table\"><table class=\"has-white-color has-text-color has-background\" style=\"background-color:#7a4a82\"><thead><tr><th class=\"has-text-align-left\" data-align=\"left\"><strong>OIKOMISKOJEET<\/strong><\/th><\/tr><\/thead><tbody><tr><td class=\"has-text-align-left\" data-align=\"left\">Retentiokojeet<\/td><\/tr><tr><td class=\"has-text-align-left\" data-align=\"left\">Aktivaattorit<\/td><\/tr><tr><td class=\"has-text-align-left\" data-align=\"left\">Renkaisiin juotettavat kojeet<\/td><\/tr><\/tbody><\/table><\/figure>\n<\/div>\n<\/div>\n\n\n\n<div style=\"height:20px\" aria-hidden=\"true\" class=\"wp-block-spacer\"><\/div>\n\n\n\n<div class=\"wp-block-columns is-layout-flex wp-container-core-columns-is-layout-9d6595d7 wp-block-columns-is-layout-flex\">\n<div class=\"wp-block-column is-layout-flow wp-block-column-is-layout-flow\"><\/div>\n\n\n\n<div class=\"wp-block-column is-layout-flow wp-block-column-is-layout-flow\"><\/div>\n<\/div>\n","protected":false},"excerpt":{"rendered":"<p>Pyyd\u00e4 hinnasto T\u00e4yden palvelun hammaslaboratoriomme sijaitsee Porvoon l\u00e4\u00e4k\u00e4ritalossa. Laboratoriossamme voimme valmistaa tuotteita sek\u00e4 perinteisi\u00e4 menetelmi\u00e4 k\u00e4ytt\u00e4en ett\u00e4 uusinta teknologiaa hy\u00f6dynt\u00e4en. K\u00e4yt\u00f6ss\u00e4mme on laboratorioskanneri, jyrsimet ja 3D-tulostin. Jokainen ty\u00f6 viimeistell\u00e4\u00e4n aina k\u00e4sin. Suunhoidon ammattilaisena tavoitat yhdest\u00e4 numerosta erityisosaajat oikomislaitteisiin ja kaikkiin protetiikan osa-alueisiin. Tuotteet Toteutamme laadukkaita hammasteknisi\u00e4 t\u00f6it\u00e4 kokemuksella ja ammattitaidolla. [&hellip;]<\/p>\n","protected":false},"author":2,"featured_media":410,"parent":0,"menu_order":0,"comment_status":"closed","ping_status":"closed","template":"","meta":{"_improvement_type_select":"improve_an_existing","_thumb_yes_seoaic":false,"_frame_yes_seoaic":false,"seoaic_generate_description":"","seoaic_improve_instructions_prompt":"","seoaic_rollback_content_improvement":"","seoaic_idea_thumbnail_generator":"","thumbnail_generated":false,"thumbnail_generate_prompt":"","seoaic_article_description":"","footnotes":""},"class_list":["post-50","page","type-page","status-publish","has-post-thumbnail","hentry"],"_links":{"self":[{"href":"https:\/\/pureart.fi\/index.php?rest_route=\/wp\/v2\/pages\/50","targetHints":{"allow":["GET"]}}],"collection":[{"href":"https:\/\/pureart.fi\/index.php?rest_route=\/wp\/v2\/pages"}],"about":[{"href":"https:\/\/pureart.fi\/index.php?rest_route=\/wp\/v2\/types\/page"}],"author":[{"embeddable":true,"href":"https:\/\/pureart.fi\/index.php?rest_route=\/wp\/v2\/users\/2"}],"replies":[{"embeddable":true,"href":"https:\/\/pureart.fi\/index.php?rest_route=%2Fwp%2Fv2%2Fcomments&post=50"}],"version-history":[{"count":36,"href":"https:\/\/pureart.fi\/index.php?rest_route=\/wp\/v2\/pages\/50\/revisions"}],"predecessor-version":[{"id":621,"href":"https:\/\/pureart.fi\/index.php?rest_route=\/wp\/v2\/pages\/50\/revisions\/621"}],"wp:featuredmedia":[{"embeddable":true,"href":"https:\/\/pureart.fi\/index.php?rest_route=\/wp\/v2\/media\/410"}],"wp:attachment":[{"href":"https:\/\/pureart.fi\/index.php?rest_route=%2Fwp%2Fv2%2Fmedia&parent=50"}],"curies":[{"name":"wp","href":"https:\/\/api.w.org\/{rel}","templated":true}]}}