{"id":19,"date":"2023-02-27T09:31:51","date_gmt":"2023-02-27T09:31:51","guid":{"rendered":"https:\/\/77.240.19.29\/~pureartfi\/?page_id=19"},"modified":"2024-10-25T07:05:20","modified_gmt":"2024-10-25T07:05:20","slug":"yritys","status":"publish","type":"page","link":"https:\/\/pureart.fi\/?page_id=19","title":{"rendered":"Yritys"},"content":{"rendered":"\n<p>Teemme jokaisen ty\u00f6n yksil\u00f6llisesti laadukkaista materiaaleista, perinteit\u00e4 kunnioittaen ja uusinta teknologiaa hy\u00f6dynt\u00e4en.<\/p>\n\n\n\n<p>Kokemuksen tuoma ammattitaito, perinteiset k\u00e4sity\u00f6taidot ja alan uusin teknologia takaavat laadukkaan lopputuloksen. Arvostamme my\u00f6s tiivist\u00e4 yhteisty\u00f6t\u00e4 alan ammattilaisten kanssa.<\/p>\n\n\n\n<p>Palvelumme on joustavaa ja monipuolista. Ota yhteytt\u00e4 meihin, niin kerromme lis\u00e4\u00e4!<\/p>\n\n\n<div class=\"tmm tmm_pureart\"><div class=\"tmm_3_columns tmm_wrap tmm_plugin_f\"><span class=\"tmm_two_containers_tablet\"><\/span><div class=\"tmm_container\"><div class=\"tmm_member\" style=\"border-top:#7a4a82 solid 5px;\"><div class=\"tmm_photo tmm_pic_pureart_0\" style=\"background: url(https:\/\/pureart.fi\/wp-content\/uploads\/2023\/03\/Eevakaisa_8268_StudioLindell-222x300-1.jpg); margin-left: auto; margin-right:auto; background-size:cover !important;\"><\/div><div class=\"tmm_textblock\"><div class=\"tmm_names\"><span class=\"tmm_fname\">Eevakaisa<\/span> <span class=\"tmm_lname\">Tornberg<\/span><\/div><div class=\"tmm_job\">Erikoishammasteknikko<\/div><div class=\"tmm_scblock\"><a class=\"tmm_sociallink\" href=\"mailto:eevakaisa.tornberg@pureart.fi\" title=\"eevakaisa.tornberg@pureart.fi\"><img decoding=\"async\" alt=\"eevakaisa.tornberg@pureart.fi\" src=\"https:\/\/pureart.fi\/wp-content\/plugins\/team-members\/inc\/img\/links\/email.png\"\/><\/a><\/div><\/div><\/div><div class=\"tmm_member\" style=\"border-top:#7a4a82 solid 5px;\"><div class=\"tmm_photo tmm_pic_pureart_1\" style=\"background: url(https:\/\/pureart.fi\/wp-content\/uploads\/2023\/03\/Elias_8337_StudioLindell-222x300-1.jpg); margin-left: auto; margin-right:auto; background-size:cover !important;\"><\/div><div class=\"tmm_textblock\"><div class=\"tmm_names\"><span class=\"tmm_fname\">Elias<\/span> <span class=\"tmm_lname\">Niinikoski<\/span><\/div><div class=\"tmm_job\">Hammasteknikko<\/div><div class=\"tmm_scblock\"><a class=\"tmm_sociallink\" href=\"mailto:elias.niinikoski@pureart.fi\" title=\"elias.niinikoski@pureart.fi\"><img decoding=\"async\" alt=\"elias.niinikoski@pureart.fi\" src=\"https:\/\/pureart.fi\/wp-content\/plugins\/team-members\/inc\/img\/links\/email.png\"\/><\/a><\/div><\/div><\/div><span class=\"tmm_two_containers_tablet\"><\/span><div class=\"tmm_member\" style=\"border-top:#7a4a82 solid 5px;\"><div class=\"tmm_photo tmm_pic_pureart_2\" style=\"background: url(https:\/\/pureart.fi\/wp-content\/uploads\/2023\/02\/Johan_8301_StudioLindell-222x300-1.jpg); margin-left: auto; margin-right:auto; background-size:cover !important;\"><\/div><div class=\"tmm_textblock\"><div class=\"tmm_names\"><span class=\"tmm_fname\">Johan<\/span> <span class=\"tmm_lname\">J\u00e4rvinen<\/span><\/div><div class=\"tmm_job\">Erikoishammasteknikko<\/div><div class=\"tmm_scblock\"><a class=\"tmm_sociallink\" href=\"mailto:johan.jarvinen@pureart.fi\" title=\"johan.jarvinen@pureart.fi\"><img decoding=\"async\" alt=\"johan.jarvinen@pureart.fi\" src=\"https:\/\/pureart.fi\/wp-content\/plugins\/team-members\/inc\/img\/links\/email.png\"\/><\/a><\/div><\/div><\/div><\/div><span class=\"tmm_columns_containers_desktop\"><\/span><div class=\"tmm_container\"><div class=\"tmm_member\" style=\"border-top:#7a4a82 solid 5px;\"><div class=\"tmm_photo tmm_pic_pureart_3\" style=\"background: url(https:\/\/pureart.fi\/wp-content\/uploads\/2023\/03\/Terhi_2028_StudioLindell-222x300-1.jpg); margin-left: auto; margin-right:auto; background-size:cover !important;\"><\/div><div class=\"tmm_textblock\"><div class=\"tmm_names\"><span class=\"tmm_fname\">Terhi<\/span> <span class=\"tmm_lname\">Fagerlund<\/span><\/div><div class=\"tmm_job\">Hammaslaborantti<\/div><div class=\"tmm_scblock\"><\/div><\/div><\/div><span class=\"tmm_two_containers_tablet\"><\/span><div class=\"tmm_member\" style=\"border-top:#7a4a82 solid 5px;\"><div class=\"tmm_photo tmm_pic_pureart_4\" style=\"background: url(https:\/\/pureart.fi\/wp-content\/uploads\/2023\/03\/Aila_5628_StudioLindell236.jpg); margin-left: auto; margin-right:auto; background-size:cover !important;\"><\/div><div class=\"tmm_textblock\"><div class=\"tmm_names\"><span class=\"tmm_fname\">Aila<\/span> <span class=\"tmm_lname\">Kannisto<\/span><\/div><div class=\"tmm_job\">Hammaslaborantti<\/div><div class=\"tmm_scblock\"><\/div><\/div><\/div><div class=\"tmm_member\" style=\"border-top:#7a4a82 solid 5px;\"><div class=\"tmm_photo tmm_pic_pureart_5\" style=\"background: url(https:\/\/pureart.fi\/wp-content\/uploads\/2023\/03\/Petri_5631_StudioLindell236.jpg); margin-left: auto; margin-right:auto; background-size:cover !important;\"><\/div><div class=\"tmm_textblock\"><div class=\"tmm_names\"><span class=\"tmm_fname\">Petri<\/span> <span class=\"tmm_lname\">Lepist\u00f6<\/span><\/div><div class=\"tmm_job\">Hammasteknikko<\/div><div class=\"tmm_scblock\"><\/div><\/div><\/div><span class=\"tmm_two_containers_tablet\"><\/span><\/div><span class=\"tmm_columns_containers_desktop\"><\/span><div class=\"tmm_container\"><div class=\"tmm_member\" style=\"border-top:#7a4a82 solid 5px;\"><div class=\"tmm_photo tmm_pic_pureart_6\" style=\"background: url(https:\/\/pureart.fi\/wp-content\/uploads\/2023\/03\/TahvainenNiina_3490_StudioLindell-scaled.jpg); margin-left: auto; margin-right:auto; background-size:cover !important;\"><\/div><div class=\"tmm_textblock\"><div class=\"tmm_names\"><span class=\"tmm_fname\">Niina<\/span> <span class=\"tmm_lname\">Tahvanainen<\/span><\/div><div class=\"tmm_job\">Hammasteknikko<\/div><div class=\"tmm_scblock\"><\/div><\/div><\/div><div class=\"tmm_member\" style=\"border-top:#7a4a82 solid 5px;\"><div class=\"tmm_photo tmm_pic_pureart_7\" style=\"background: url(https:\/\/pureart.fi\/wp-content\/uploads\/2023\/03\/TiitinenHeli_0851_StudioLindell-scaled.jpg); margin-left: auto; margin-right:auto; background-size:cover !important;\"><\/div><div class=\"tmm_textblock\"><div class=\"tmm_names\"><span class=\"tmm_fname\">Heli<\/span> <span class=\"tmm_lname\">Tiitinen<\/span><\/div><div class=\"tmm_job\">Erikoishammasteknikko<\/div><div class=\"tmm_scblock\"><a class=\"tmm_sociallink\" href=\"mailto:heli.tiitinen@pureart.fi\" title=\"heli.tiitinen@pureart.fi\"><img decoding=\"async\" alt=\"heli.tiitinen@pureart.fi\" src=\"https:\/\/pureart.fi\/wp-content\/plugins\/team-members\/inc\/img\/links\/email.png\"\/><\/a><\/div><\/div><\/div><span class=\"tmm_two_containers_tablet\"><\/span><div class=\"tmm_member\" style=\"border-top:#7a4a82 solid 5px;\"><div class=\"tmm_photo tmm_pic_pureart_8\" style=\"background: url(https:\/\/pureart.fi\/wp-content\/uploads\/2023\/03\/Mykhailo_9765_StudioLindell-kopio-scaled.jpeg); margin-left: auto; margin-right:auto; background-size:cover !important;\"><\/div><div class=\"tmm_textblock\"><div class=\"tmm_names\"><span class=\"tmm_fname\">Mykhailo<\/span> <span class=\"tmm_lname\">Bunieiev<\/span><\/div><div class=\"tmm_job\">Hammasteknikko<\/div><div class=\"tmm_scblock\"><\/div><\/div><\/div><div style=\"clear:both;\"><\/div><\/div><\/div><\/div>\n","protected":false},"excerpt":{"rendered":"<p>Teemme jokaisen ty\u00f6n yksil\u00f6llisesti laadukkaista materiaaleista, perinteit\u00e4 kunnioittaen ja uusinta teknologiaa hy\u00f6dynt\u00e4en. Kokemuksen tuoma ammattitaito, perinteiset k\u00e4sity\u00f6taidot ja alan uusin teknologia takaavat laadukkaan lopputuloksen. Arvostamme my\u00f6s tiivist\u00e4 yhteisty\u00f6t\u00e4 alan ammattilaisten kanssa. Palvelumme on joustavaa ja monipuolista. Ota yhteytt\u00e4 meihin, niin kerromme lis\u00e4\u00e4!<\/p>\n","protected":false},"author":2,"featured_media":413,"parent":0,"menu_order":0,"comment_status":"closed","ping_status":"closed","template":"","meta":{"_improvement_type_select":"improve_an_existing","_thumb_yes_seoaic":false,"_frame_yes_seoaic":false,"seoaic_generate_description":"","seoaic_improve_instructions_prompt":"","seoaic_rollback_content_improvement":"","seoaic_idea_thumbnail_generator":"","thumbnail_generated":false,"thumbnail_generate_prompt":"","seoaic_article_description":"","footnotes":""},"class_list":["post-19","page","type-page","status-publish","has-post-thumbnail","hentry"],"_links":{"self":[{"href":"https:\/\/pureart.fi\/index.php?rest_route=\/wp\/v2\/pages\/19","targetHints":{"allow":["GET"]}}],"collection":[{"href":"https:\/\/pureart.fi\/index.php?rest_route=\/wp\/v2\/pages"}],"about":[{"href":"https:\/\/pureart.fi\/index.php?rest_route=\/wp\/v2\/types\/page"}],"author":[{"embeddable":true,"href":"https:\/\/pureart.fi\/index.php?rest_route=\/wp\/v2\/users\/2"}],"replies":[{"embeddable":true,"href":"https:\/\/pureart.fi\/index.php?rest_route=%2Fwp%2Fv2%2Fcomments&post=19"}],"version-history":[{"count":3,"href":"https:\/\/pureart.fi\/index.php?rest_route=\/wp\/v2\/pages\/19\/revisions"}],"predecessor-version":[{"id":380,"href":"https:\/\/pureart.fi\/index.php?rest_route=\/wp\/v2\/pages\/19\/revisions\/380"}],"wp:featuredmedia":[{"embeddable":true,"href":"https:\/\/pureart.fi\/index.php?rest_route=\/wp\/v2\/media\/413"}],"wp:attachment":[{"href":"https:\/\/pureart.fi\/index.php?rest_route=%2Fwp%2Fv2%2Fmedia&parent=19"}],"curies":[{"name":"wp","href":"https:\/\/api.w.org\/{rel}","templated":true}]}}