{"id":15,"date":"2023-02-27T09:30:16","date_gmt":"2023-02-27T09:30:16","guid":{"rendered":"https:\/\/77.240.19.29\/~pureartfi\/?page_id=15"},"modified":"2023-02-27T09:46:41","modified_gmt":"2023-02-27T09:46:41","slug":"tuotteet","status":"publish","type":"page","link":"https:\/\/pureart.fi\/?page_id=15","title":{"rendered":"Tuotteet"},"content":{"rendered":"\n<p>Toteutamme laadukkaita hammasteknisi\u00e4 t\u00f6it\u00e4 kokemuksella ja ammattitaidolla. Osaamisemme kattaa kaikki hammasprotetiikan osa-alueet.<\/p>\n\n\n\n<p>Esimerkkej\u00e4 tuotteistamme:<\/p>\n\n\n\n<p>&nbsp;<br><strong>KIINTE\u00c4 PROTETIIKKA<br><\/strong>-Implanttiprotetiikka<br>-e.max kerrostettuna tai maalattuna<br>-zirkonia<br>-metallokeramia (Au\/CoCr)<br>-kultakruunut<br>-stick-kuiturunkoiset kevytsillat<br>-jyrsityt muovisillat ja kruunut<\/p>\n\n\n\n<p><strong>IRTOPROTETIIKKA<br><\/strong>-metallirunkoiset osaproteesit<br>-akryyliset kokoproteesit ja osaproteesit<br>(ivobase)<\/p>\n\n\n\n<p><strong>PURENTAKISKO<br><\/strong>-3D-suunniteltu, jyrsitty tai printattu<\/p>\n\n\n\n<p>-Uniapneakojeet<strong><br><\/strong>-Herbst<br>-Monoblock<br>-TAP<\/p>\n\n\n\n<p><strong>OIKOMISKOJEET<br><\/strong>-retentiokojeet<br>-aktivaattorit<br>-renkaisiin juotettavat kojeet<\/p>\n","protected":false},"excerpt":{"rendered":"<p>Toteutamme laadukkaita hammasteknisi\u00e4 t\u00f6it\u00e4 kokemuksella ja ammattitaidolla. Osaamisemme kattaa kaikki hammasprotetiikan osa-alueet. Esimerkkej\u00e4 tuotteistamme: &nbsp;KIINTE\u00c4 PROTETIIKKA-Implanttiprotetiikka-e.max kerrostettuna tai maalattuna-zirkonia-metallokeramia (Au\/CoCr)-kultakruunut-stick-kuiturunkoiset kevytsillat-jyrsityt muovisillat ja kruunut IRTOPROTETIIKKA-metallirunkoiset osaproteesit-akryyliset kokoproteesit ja osaproteesit(ivobase) PURENTAKISKO-3D-suunniteltu, jyrsitty tai printattu -Uniapneakojeet-Herbst-Monoblock-TAP OIKOMISKOJEET-retentiokojeet-aktivaattorit-renkaisiin juotettavat kojeet<\/p>\n","protected":false},"author":2,"featured_media":28,"parent":0,"menu_order":0,"comment_status":"closed","ping_status":"closed","template":"","meta":{"_improvement_type_select":"improve_an_existing","_thumb_yes_seoaic":false,"_frame_yes_seoaic":false,"seoaic_generate_description":"","seoaic_improve_instructions_prompt":"","seoaic_rollback_content_improvement":"","seoaic_idea_thumbnail_generator":"","thumbnail_generated":false,"thumbnail_generate_prompt":"","seoaic_article_description":"","footnotes":""},"class_list":["post-15","page","type-page","status-publish","has-post-thumbnail","hentry"],"_links":{"self":[{"href":"https:\/\/pureart.fi\/index.php?rest_route=\/wp\/v2\/pages\/15","targetHints":{"allow":["GET"]}}],"collection":[{"href":"https:\/\/pureart.fi\/index.php?rest_route=\/wp\/v2\/pages"}],"about":[{"href":"https:\/\/pureart.fi\/index.php?rest_route=\/wp\/v2\/types\/page"}],"author":[{"embeddable":true,"href":"https:\/\/pureart.fi\/index.php?rest_route=\/wp\/v2\/users\/2"}],"replies":[{"embeddable":true,"href":"https:\/\/pureart.fi\/index.php?rest_route=%2Fwp%2Fv2%2Fcomments&post=15"}],"version-history":[{"count":2,"href":"https:\/\/pureart.fi\/index.php?rest_route=\/wp\/v2\/pages\/15\/revisions"}],"predecessor-version":[{"id":37,"href":"https:\/\/pureart.fi\/index.php?rest_route=\/wp\/v2\/pages\/15\/revisions\/37"}],"wp:featuredmedia":[{"embeddable":true,"href":"https:\/\/pureart.fi\/index.php?rest_route=\/wp\/v2\/media\/28"}],"wp:attachment":[{"href":"https:\/\/pureart.fi\/index.php?rest_route=%2Fwp%2Fv2%2Fmedia&parent=15"}],"curies":[{"name":"wp","href":"https:\/\/api.w.org\/{rel}","templated":true}]}}